{"id":1748,"date":"2024-04-22T17:44:36","date_gmt":"2024-04-22T14:44:36","guid":{"rendered":"https:\/\/estaldesign.ee\/mustrilised\/"},"modified":"2024-07-24T14:44:53","modified_gmt":"2024-07-24T11:44:53","slug":"mustrilised","status":"publish","type":"page","link":"https:\/\/estaldesign.ee\/et\/mustrilised\/","title":{"rendered":"Mustrilised"},"content":{"rendered":"\t<section class=\"section\" id=\"section_769902698\">\n\t\t<div class=\"bg section-bg fill bg-fill  bg-loaded\" >\n\n\t\t\t\n\t\t\t\n\t\t\t\n\n\t\t<\/div>\n\n\t\t\n\n\t\t<div class=\"section-content relative\">\n\t\t\t\n\t<div id=\"gap-2093070445\" class=\"gap-element clearfix\" style=\"display:block; height:auto;\">\n\t\t\n<style>\n#gap-2093070445 {\n  padding-top: 100px;\n}\n@media (min-width:550px) {\n  #gap-2093070445 {\n    padding-top: 139px;\n  }\n}\n<\/style>\n\t<\/div>\n\t\n<div class=\"row row-large align-middle align-center\"  id=\"row-115832453\">\n\n\t<div id=\"col-2036592780\" class=\"col medium-6 small-12 large-6\"  data-animate=\"fadeInLeft\">\n\t\t\t\t<div class=\"col-inner\"  >\n\t\t\t\n\t\t\t\n\t<div id=\"text-3529270557\" class=\"text\">\n\t\t\n<h1 class=\"proddetail-style-slider-name this-description-name\">Mustriga paneelid<\/h1>\n\t\t\n<style>\n#text-3529270557 {\n  font-size: 1.2rem;\n}\n@media (min-width:550px) {\n  #text-3529270557 {\n    font-size: 1.89rem;\n  }\n}\n<\/style>\n\t<\/div>\n\t\n\t<div id=\"gap-1180665317\" class=\"gap-element clearfix\" style=\"display:block; height:auto;\">\n\t\t\n<style>\n#gap-1180665317 {\n  padding-top: 12px;\n}\n<\/style>\n\t<\/div>\n\t\n\t<div id=\"text-963881807\" class=\"text\">\n\t\t\n<p>WPC-s kasutatakse pol\u00fcet\u00fcleeni, pol\u00fcprop\u00fcleeni ja laialt kasutatavate vaikude asemel pol\u00fcvin\u00fc\u00fclkloriidi segamiseks \u00fcle 50% ulatuses selliste taimsete kiudude j\u00e4\u00e4kidega nagu puidupulber, riisikestad ja p\u00f5hk, et saada uusi puitmaterjale.<\/p>\n<p>Seej\u00e4rel toodetakse plaate v\u00f5i profiile, kasutades selliseid plastitehnoloogilisi protsesse nagu ekstrusioonvalu ja survevalu.<br \/>\n\t\t\n<style>\n#text-963881807 {\n  font-size: 1.1rem;\n}\n<\/style>\n\t<\/div>\n\t\n\t<div id=\"gap-468582300\" class=\"gap-element clearfix\" style=\"display:block; height:auto;\">\n\t\t\n<style>\n#gap-468582300 {\n  padding-top: 16px;\n}\n<\/style>\n\t<\/div>\n\t\n<a href=\"https:\/\/estaldesign.ee\/et\/paneelide-paigaldamine\/\" class=\"button primary is-large\"  >\n    <span>Paneelide paigaldamine<\/span>\n  <\/a>\n\n<a href=\"https:\/\/estaldesign.ee\/wp-content\/uploads\/2024\/07\/Dekoratiivsed-paneelid-hinnakiri.pdf\" target=\"_blank\" class=\"button primary is-outline is-large\" rel=\"noopener\"  >\n    <span>Hinnad alates 23,34 \/ tk<\/span>\n  <\/a>\n\n\t\t<\/div>\n\t\t\t\t\t<\/div>\n\n\t\n\n\t<div id=\"col-1631362921\" class=\"col medium-6 small-12 large-6 small-col-first\"  data-animate=\"fadeInRight\">\n\t\t\t\t<div class=\"col-inner\"  >\n\t\t\t\n\t\t\t\n\t<div class=\"img has-hover x md-x lg-x y md-y lg-y\" id=\"image_555984064\">\n\t\t\t\t\t\t\t\t<div class=\"img-inner dark\" >\n\t\t\t<img loading=\"lazy\" decoding=\"async\" width=\"1200\" height=\"905\" src=\"https:\/\/estaldesign.ee\/wp-content\/uploads\/2024\/04\/WPC-5.jpg\" class=\"attachment-original size-original\" alt=\"\" srcset=\"https:\/\/estaldesign.ee\/wp-content\/uploads\/2024\/04\/WPC-5.jpg 1200w, https:\/\/estaldesign.ee\/wp-content\/uploads\/2024\/04\/WPC-5-300x226.jpg 300w, https:\/\/estaldesign.ee\/wp-content\/uploads\/2024\/04\/WPC-5-1024x772.jpg 1024w, https:\/\/estaldesign.ee\/wp-content\/uploads\/2024\/04\/WPC-5-768x579.jpg 768w\" sizes=\"auto, (max-width: 1200px) 100vw, 1200px\" \/>\t\t\t\t\t\t\n\t\t\t\t\t<\/div>\n\t\t\t\t\t\t\t\t\n<style>\n#image_555984064 {\n  width: 100%;\n}\n<\/style>\n\t<\/div>\n\t\n\t\t<\/div>\n\t\t\t\t\t<\/div>\n\n\t\n<\/div>\n\t<div id=\"gap-205673273\" class=\"gap-element clearfix\" style=\"display:block; height:auto;\">\n\t\t\n<style>\n#gap-205673273 {\n  padding-top: 40px;\n}\n@media (min-width:550px) {\n  #gap-205673273 {\n    padding-top: 80px;\n  }\n}\n<\/style>\n\t<\/div>\n\t\n\t<div id=\"gap-1631681196\" class=\"gap-element clearfix\" style=\"display:block; height:auto;\">\n\t\t\n<style>\n#gap-1631681196 {\n  padding-top: 0px;\n}\n<\/style>\n\t<\/div>\n\t\n\t\t<\/div>\n\n\t\t\n<style>\n#section_769902698 {\n  padding-top: 0px;\n  padding-bottom: 0px;\n}\n<\/style>\n\t<\/section>\n\t\n\t<section class=\"section\" id=\"section_1577917387\">\n\t\t<div class=\"bg section-bg fill bg-fill  bg-loaded\" >\n\n\t\t\t\n\t\t\t\n\t\t\t\n\n\t\t<\/div>\n\n\t\t\n\n\t\t<div class=\"section-content relative\">\n\t\t\t\n<div class=\"row align-center\"  id=\"row-1703925333\">\n\n\t<div id=\"col-843403498\" class=\"col medium-10 small-12 large-10\"  >\n\t\t\t\t<div class=\"col-inner\"  >\n\t\t\t\n\t\t\t\n\t<div class=\"img has-hover x md-x lg-x y md-y lg-y\" id=\"image_1831110463\">\n\t\t\t\t\t\t\t\t<div class=\"img-inner dark\" >\n\t\t\t<img loading=\"lazy\" decoding=\"async\" width=\"1230\" height=\"1545\" src=\"https:\/\/estaldesign.ee\/wp-content\/uploads\/2024\/07\/Table-ee-2.jpg\" class=\"attachment-original size-original\" alt=\"\" srcset=\"https:\/\/estaldesign.ee\/wp-content\/uploads\/2024\/07\/Table-ee-2.jpg 1230w, https:\/\/estaldesign.ee\/wp-content\/uploads\/2024\/07\/Table-ee-2-239x300.jpg 239w, https:\/\/estaldesign.ee\/wp-content\/uploads\/2024\/07\/Table-ee-2-815x1024.jpg 815w, https:\/\/estaldesign.ee\/wp-content\/uploads\/2024\/07\/Table-ee-2-768x965.jpg 768w, https:\/\/estaldesign.ee\/wp-content\/uploads\/2024\/07\/Table-ee-2-1223x1536.jpg 1223w\" sizes=\"auto, (max-width: 1230px) 100vw, 1230px\" \/>\t\t\t\t\t\t\n\t\t\t\t\t<\/div>\n\t\t\t\t\t\t\t\t\n<style>\n#image_1831110463 {\n  width: 100%;\n}\n<\/style>\n\t<\/div>\n\t\n\t\t<\/div>\n\t\t\t\t\n<style>\n#col-843403498 > .col-inner {\n  padding: 0px 0px 45px 0px;\n}\n<\/style>\n\t<\/div>\n\n\t\n<\/div>\n\t\t<\/div>\n\n\t\t\n<style>\n#section_1577917387 {\n  padding-top: 0px;\n  padding-bottom: 0px;\n}\n<\/style>\n\t<\/section>\n\t\n\t<section class=\"section\" id=\"section_1005932275\">\n\t\t<div class=\"bg section-bg fill bg-fill  bg-loaded\" >\n\n\t\t\t\n\t\t\t\n\t\t\t\n\n\t\t<\/div>\n\n\t\t\n\n\t\t<div class=\"section-content relative\">\n\t\t\t\n\t<div id=\"gap-1760063987\" class=\"gap-element clearfix\" style=\"display:block; height:auto;\">\n\t\t\n<style>\n#gap-1760063987 {\n  padding-top: 59px;\n}\n@media (min-width:550px) {\n  #gap-1760063987 {\n    padding-top: 80px;\n  }\n}\n<\/style>\n\t<\/div>\n\t\n<div class=\"row align-center\"  id=\"row-1889368992\">\n\n\t<div id=\"col-92863997\" class=\"col medium-11 small-12 large-11\"  data-animate=\"fadeInUp\">\n\t\t\t\t<div class=\"col-inner text-center\"  >\n\t\t\t\n\t\t\t\n\t<div id=\"text-1613557849\" class=\"text\">\n\t\t\n<h2>Meie klientide kommentaarid<\/h2>\n\t\t\n<style>\n#text-1613557849 {\n  font-size: 1.2rem;\n  text-align: center;\n}\n@media (min-width:550px) {\n  #text-1613557849 {\n    font-size: 1.6rem;\n  }\n}\n<\/style>\n\t<\/div>\n\t\n\t<div id=\"gap-1110053317\" class=\"gap-element clearfix\" style=\"display:block; height:auto;\">\n\t\t\n<style>\n#gap-1110053317 {\n  padding-top: 20px;\n}\n<\/style>\n\t<\/div>\n\t\n\t\t<\/div>\n\t\t\t\t\t<\/div>\n\n\t\n<\/div>\n<div class=\"row row-large align-middle align-center\"  id=\"row-467269245\">\n\n\t<div id=\"col-1434057193\" class=\"col medium-4 small-12 large-4\"  data-animate=\"fadeInUp\">\n\t\t\t\t<div class=\"col-inner text-center\"  >\n\t\t\t\n\t<div class=\"is-border\"\n\t\tstyle=\"border-color:rgb(198, 220, 250);border-width:1px 1px 1px 1px;\">\n\t<\/div>\n\t\t\t\n\t<div class=\"img has-hover x md-x lg-x y md-y lg-y\" id=\"image_342338529\">\n\t\t\t\t\t\t\t\t<div class=\"img-inner dark\" >\n\t\t\t<img loading=\"lazy\" decoding=\"async\" width=\"120\" height=\"120\" src=\"https:\/\/estaldesign.ee\/wp-content\/uploads\/2024\/02\/Ellipse-5.png\" class=\"attachment-original size-original\" alt=\"\" srcset=\"https:\/\/estaldesign.ee\/wp-content\/uploads\/2024\/02\/Ellipse-5.png 120w, https:\/\/estaldesign.ee\/wp-content\/uploads\/2024\/02\/Ellipse-5-100x100.png 100w\" sizes=\"auto, (max-width: 120px) 100vw, 120px\" \/>\t\t\t\t\t\t\n\t\t\t\t\t<\/div>\n\t\t\t\t\t\t\t\t\n<style>\n#image_342338529 {\n  width: 20%;\n}\n<\/style>\n\t<\/div>\n\t\n\t<div id=\"text-2571464927\" class=\"text\">\n\t\t\n<p><em>\u00abProjektist sai stiili ja kvaliteedi kehastus. Soovitan Estal Designi k\u00f5igile, kes hindavad t\u00e4helepanu p\u00f6\u00f6ramist detailidele ja loomingulist l\u00e4henemist.\u00bb<\/em><\/p>\n<h5>Anna, J\u00f5hvi<\/h5>\n\t\t\n<style>\n#text-2571464927 {\n  font-size: 1rem;\n  text-align: center;\n}\n<\/style>\n\t<\/div>\n\t\n\t\t<\/div>\n\t\t\t\t\n<style>\n#col-1434057193 > .col-inner {\n  padding: 32px 28px 16px 28px;\n  margin: 0px 0px 30px 0px;\n}\n<\/style>\n\t<\/div>\n\n\t\n\n\t<div id=\"col-712868816\" class=\"col medium-4 small-12 large-4\"  data-animate=\"fadeInUp\">\n\t\t\t\t<div class=\"col-inner text-center\"  >\n\t\t\t\n\t<div class=\"is-border\"\n\t\tstyle=\"border-color:rgb(198, 220, 250);border-width:1px 1px 1px 1px;\">\n\t<\/div>\n\t\t\t\n\t<div class=\"img has-hover x md-x lg-x y md-y lg-y\" id=\"image_1412348478\">\n\t\t\t\t\t\t\t\t<div class=\"img-inner dark\" >\n\t\t\t<img loading=\"lazy\" decoding=\"async\" width=\"120\" height=\"120\" src=\"https:\/\/estaldesign.ee\/wp-content\/uploads\/2024\/02\/Ellipse-3.png\" class=\"attachment-original size-original\" alt=\"\" srcset=\"https:\/\/estaldesign.ee\/wp-content\/uploads\/2024\/02\/Ellipse-3.png 120w, https:\/\/estaldesign.ee\/wp-content\/uploads\/2024\/02\/Ellipse-3-100x100.png 100w\" sizes=\"auto, (max-width: 120px) 100vw, 120px\" \/>\t\t\t\t\t\t\n\t\t\t\t\t<\/div>\n\t\t\t\t\t\t\t\t\n<style>\n#image_1412348478 {\n  width: 20%;\n}\n<\/style>\n\t<\/div>\n\t\n\t<div id=\"text-1373693883\" class=\"text\">\n\t\t\n<p><em>\u00abProfessionaalne meeskond muutis minu interj\u00f6\u00f6ri mitte \u00fcksnes stiilseks, vaid ka mugavaks. Eriti avaldas muljet 3D visualiseerimine, mis aitas parandusi sisse viia.\u00bb<\/em><\/p>\n<h5>Andrei, P\u00e4rnu<\/h5>\n\t\t\n<style>\n#text-1373693883 {\n  font-size: 1rem;\n  text-align: center;\n}\n<\/style>\n\t<\/div>\n\t\n\t\t<\/div>\n\t\t\t\t\n<style>\n#col-712868816 > .col-inner {\n  padding: 32px 28px 16px 28px;\n  margin: 0px 0px 30px 0px;\n}\n<\/style>\n\t<\/div>\n\n\t\n\n\t<div id=\"col-660262177\" class=\"col medium-4 small-12 large-4\"  data-animate=\"fadeInUp\">\n\t\t\t\t<div class=\"col-inner text-center\"  >\n\t\t\t\n\t<div class=\"is-border\"\n\t\tstyle=\"border-color:rgb(198, 220, 250);border-width:1px 1px 1px 1px;\">\n\t<\/div>\n\t\t\t\n\t<div class=\"img has-hover x md-x lg-x y md-y lg-y\" id=\"image_1512479706\">\n\t\t\t\t\t\t\t\t<div class=\"img-inner dark\" >\n\t\t\t<img loading=\"lazy\" decoding=\"async\" width=\"120\" height=\"120\" src=\"https:\/\/estaldesign.ee\/wp-content\/uploads\/2024\/02\/Ellipse-4.png\" class=\"attachment-original size-original\" alt=\"\" srcset=\"https:\/\/estaldesign.ee\/wp-content\/uploads\/2024\/02\/Ellipse-4.png 120w, https:\/\/estaldesign.ee\/wp-content\/uploads\/2024\/02\/Ellipse-4-100x100.png 100w\" sizes=\"auto, (max-width: 120px) 100vw, 120px\" \/>\t\t\t\t\t\t\n\t\t\t\t\t<\/div>\n\t\t\t\t\t\t\t\t\n<style>\n#image_1512479706 {\n  width: 20%;\n}\n<\/style>\n\t<\/div>\n\t\n\t<div id=\"text-3255855504\" class=\"text\">\n\t\t\n<p><em>\u00abT\u00e4nu disainerite meeskonnale muutus minu ruum kordumatuks. Nende t\u00e4helepanu detailidele on \u00f5nnestunud projekti tagatis. Ait\u00e4h hubasuse ja stiili eest!\u00bb<\/em><\/p>\n<h5>Liana, Viljandi<\/h5>\n\t\t\n<style>\n#text-3255855504 {\n  font-size: 1rem;\n  text-align: center;\n}\n<\/style>\n\t<\/div>\n\t\n\t\t<\/div>\n\t\t\t\t\n<style>\n#col-660262177 > .col-inner {\n  padding: 32px 28px 16px 28px;\n  margin: 0px 0px 30px 0px;\n}\n<\/style>\n\t<\/div>\n\n\t\n\n\t<div id=\"col-378526362\" class=\"col medium-4 small-12 large-4\"  data-animate=\"fadeInUp\">\n\t\t\t\t<div class=\"col-inner text-center\"  >\n\t\t\t\n\t<div class=\"is-border\"\n\t\tstyle=\"border-color:rgb(198, 220, 250);border-width:1px 1px 1px 1px;\">\n\t<\/div>\n\t\t\t\n\t<div class=\"img has-hover x md-x lg-x y md-y lg-y\" id=\"image_1138651931\">\n\t\t\t\t\t\t\t\t<div class=\"img-inner dark\" >\n\t\t\t<img loading=\"lazy\" decoding=\"async\" width=\"120\" height=\"120\" src=\"https:\/\/estaldesign.ee\/wp-content\/uploads\/2024\/02\/Ellipse-1.png\" class=\"attachment-original size-original\" alt=\"\" srcset=\"https:\/\/estaldesign.ee\/wp-content\/uploads\/2024\/02\/Ellipse-1.png 120w, https:\/\/estaldesign.ee\/wp-content\/uploads\/2024\/02\/Ellipse-1-100x100.png 100w\" sizes=\"auto, (max-width: 120px) 100vw, 120px\" \/>\t\t\t\t\t\t\n\t\t\t\t\t<\/div>\n\t\t\t\t\t\t\t\t\n<style>\n#image_1138651931 {\n  width: 20%;\n}\n<\/style>\n\t<\/div>\n\t\n\t<div id=\"text-829875876\" class=\"text\">\n\t\t\n<p><em>\u00abProfessionaalne l\u00e4henemine, ideed teostusid ideaalselt. Soovitan meeskonda t\u00e4nu loovusele ja detailidele t\u00e4helepanu p\u00f6\u00f6ramisele.\u00bb<\/em><\/p>\n<h5>Jann, Tartu<\/h5>\n\t\t\n<style>\n#text-829875876 {\n  font-size: 1rem;\n  text-align: center;\n}\n<\/style>\n\t<\/div>\n\t\n\t\t<\/div>\n\t\t\t\t\n<style>\n#col-378526362 > .col-inner {\n  padding: 32px 28px 16px 28px;\n}\n<\/style>\n\t<\/div>\n\n\t\n\n\t<div id=\"col-563718573\" class=\"col medium-4 small-12 large-4\"  data-animate=\"fadeInUp\">\n\t\t\t\t<div class=\"col-inner text-center\"  >\n\t\t\t\n\t<div class=\"is-border\"\n\t\tstyle=\"border-color:rgb(198, 220, 250);border-width:1px 1px 1px 1px;\">\n\t<\/div>\n\t\t\t\n\t<div class=\"img has-hover x md-x lg-x y md-y lg-y\" id=\"image_1449246215\">\n\t\t\t\t\t\t\t\t<div class=\"img-inner dark\" >\n\t\t\t<img loading=\"lazy\" decoding=\"async\" width=\"120\" height=\"120\" src=\"https:\/\/estaldesign.ee\/wp-content\/uploads\/2024\/02\/Ellipse-2.png\" class=\"attachment-original size-original\" alt=\"\" srcset=\"https:\/\/estaldesign.ee\/wp-content\/uploads\/2024\/02\/Ellipse-2.png 120w, https:\/\/estaldesign.ee\/wp-content\/uploads\/2024\/02\/Ellipse-2-100x100.png 100w\" sizes=\"auto, (max-width: 120px) 100vw, 120px\" \/>\t\t\t\t\t\t\n\t\t\t\t\t<\/div>\n\t\t\t\t\t\t\t\t\n<style>\n#image_1449246215 {\n  width: 20%;\n}\n<\/style>\n\t<\/div>\n\t\n\t<div id=\"text-3906283159\" class=\"text\">\n\t\t\n<p><em>\u00abProjekt teostati hindele \u00abv\u00e4ga hea\u00bb, arvesse v\u00f5eti k\u00f5iki minu soove ja p\u00fcstitatud \u00fclesandeid. Ait\u00e4h kokkulepitud t\u00e4htajaks tehtud kvaliteetse t\u00f6\u00f6 eest!\u00bb<\/em><\/p>\n<h5>Kristina, Tallinn<\/h5>\n\t\t\n<style>\n#text-3906283159 {\n  font-size: 1rem;\n  text-align: center;\n}\n<\/style>\n\t<\/div>\n\t\n\t\t<\/div>\n\t\t\t\t\n<style>\n#col-563718573 > .col-inner {\n  padding: 32px 28px 16px 28px;\n}\n<\/style>\n\t<\/div>\n\n\t\n\n\t<div id=\"col-1394220714\" class=\"col medium-4 small-12 large-4\"  data-animate=\"fadeInUp\">\n\t\t\t\t<div class=\"col-inner text-center\"  >\n\t\t\t\n\t<div class=\"is-border\"\n\t\tstyle=\"border-color:rgb(198, 220, 250);border-width:1px 1px 1px 1px;\">\n\t<\/div>\n\t\t\t\n\t<div class=\"img has-hover x md-x lg-x y md-y lg-y\" id=\"image_619104856\">\n\t\t\t\t\t\t\t\t<div class=\"img-inner dark\" >\n\t\t\t<img loading=\"lazy\" decoding=\"async\" width=\"120\" height=\"120\" src=\"https:\/\/estaldesign.ee\/wp-content\/uploads\/2024\/02\/Ellipse-6.png\" class=\"attachment-original size-original\" alt=\"\" srcset=\"https:\/\/estaldesign.ee\/wp-content\/uploads\/2024\/02\/Ellipse-6.png 120w, https:\/\/estaldesign.ee\/wp-content\/uploads\/2024\/02\/Ellipse-6-100x100.png 100w\" sizes=\"auto, (max-width: 120px) 100vw, 120px\" \/>\t\t\t\t\t\t\n\t\t\t\t\t<\/div>\n\t\t\t\t\t\t\t\t\n<style>\n#image_619104856 {\n  width: 20%;\n}\n<\/style>\n\t<\/div>\n\t\n\t<div id=\"text-2314330780\" class=\"text\">\n\t\t\n<p><em>\u00abMeeskond l\u00f5i hubasuse ja stiili igas detailis. Individuaalne l\u00e4henemine ja professionaalsus \u2013 ideaalne kombinatsioon!\u00bb<\/em><\/p>\n<h5>Maria, Narva<\/h5>\n\t\t\n<style>\n#text-2314330780 {\n  font-size: 1rem;\n  text-align: center;\n}\n<\/style>\n\t<\/div>\n\t\n\t\t<\/div>\n\t\t\t\t\n<style>\n#col-1394220714 > .col-inner {\n  padding: 32px 28px 16px 28px;\n}\n<\/style>\n\t<\/div>\n\n\t\n<\/div>\n\t<div id=\"gap-655059143\" class=\"gap-element clearfix\" style=\"display:block; height:auto;\">\n\t\t\n<style>\n#gap-655059143 {\n  padding-top: 50px;\n}\n<\/style>\n\t<\/div>\n\t\n\t\t<\/div>\n\n\t\t\n<style>\n#section_1005932275 {\n  padding-top: 0px;\n  padding-bottom: 0px;\n  background-color: rgb(240, 246, 254);\n}\n<\/style>\n\t<\/section>\n\t\n\t<section class=\"section dark\" id=\"section_800449769\">\n\t\t<div class=\"bg section-bg fill bg-fill  \" >\n\n\t\t\t\n\t\t\t<div class=\"section-bg-overlay absolute fill\"><\/div>\n\t\t\t\n\n\t\t<\/div>\n\n\t\t\n\n\t\t<div class=\"section-content relative\">\n\t\t\t\n\t<div id=\"gap-263238723\" class=\"gap-element clearfix\" style=\"display:block; height:auto;\">\n\t\t\n<style>\n#gap-263238723 {\n  padding-top: 67px;\n}\n<\/style>\n\t<\/div>\n\t\n<div class=\"row row-large align-center\"  id=\"row-1852658749\">\n\n\t<div id=\"col-1290047356\" class=\"col medium-6 small-12 large-6\"  data-animate=\"fadeInUp\">\n\t\t\t\t<div class=\"col-inner text-center\"  >\n\t\t\t\n\t\t\t\n\t<div id=\"text-2820035507\" class=\"text\">\n\t\t\n<h2>Hakkame teie projektiga t\u00f6\u00f6le koos!<\/h2>\n\t\t\n<style>\n#text-2820035507 {\n  font-size: 1.2rem;\n}\n@media (min-width:550px) {\n  #text-2820035507 {\n    font-size: 1.4rem;\n  }\n}\n<\/style>\n\t<\/div>\n\t\n\t<div id=\"text-1342020395\" class=\"text\">\n\t\t\n<p>Uurige, mida suutsid kliendid meiega koost\u00f6\u00f6s saavutada<br \/>\n\t\t\n<style>\n#text-1342020395 {\n  font-size: 1.2rem;\n}\n<\/style>\n\t<\/div>\n\t\n\t\t<\/div>\n\t\t\t\t\t<\/div>\n\n\t\n<\/div>\n\n<div class=\"row row-large align-middle align-center\"  id=\"row-983465916\">\n\n\t<div id=\"col-1038898937\" class=\"col medium-4 small-12 large-4\"  data-animate=\"fadeInLeft\">\n\t\t\t\t<div class=\"col-inner\"  >\n\t\t\t\n\t<div class=\"is-border\"\n\t\tstyle=\"border-color:rgba(255, 255, 255, 0.4);border-width:2px 2px 2px 2px;\">\n\t<\/div>\n\t\t\t\n\n\t\t<div class=\"icon-box featured-box icon-box-top text-left\"  >\n\t\t\t\t\t<div class=\"icon-box-img\" style=\"width: 48px\">\n\t\t\t\t<div class=\"icon\">\n\t\t\t\t\t<div class=\"icon-inner\" style=\"color:rgb(255, 255, 255);\">\n\t\t\t\t\t\t<svg width=\"48\" height=\"48\" viewBox=\"0 0 48 48\" fill=\"none\" xmlns=\"http:\/\/www.w3.org\/2000\/svg\">\n<path d=\"M24 4C12.9723 4 4 12.9723 4 24C4 35.0277 12.9723 44 24 44C26.4685 44 28.84 43.5515 31.0273 42.7305C31.214 42.6629 31.3853 42.5589 31.5315 42.4246C31.6776 42.2903 31.7956 42.1284 31.8788 41.9481C31.9619 41.7679 32.0084 41.5729 32.0156 41.3746C32.0228 41.1762 31.9906 40.9784 31.9208 40.7926C31.8511 40.6068 31.7451 40.4367 31.6091 40.2921C31.4731 40.1476 31.3098 40.0314 31.1286 39.9504C30.9474 39.8694 30.7519 39.8252 30.5535 39.8203C30.3551 39.8154 30.1576 39.8499 29.9727 39.9219C28.116 40.6188 26.1055 41 24 41C14.5937 41 7 33.4063 7 24C7 14.5937 14.5937 7 24 7C33.4063 7 41 14.5937 41 24V26.5C41 29.0035 39.0035 31 36.5 31C33.9965 31 32 29.0035 32 26.5V24V15.5C32.0028 15.3012 31.9661 15.1039 31.892 14.9194C31.8178 14.735 31.7078 14.5671 31.5682 14.4255C31.4287 14.284 31.2624 14.1716 31.079 14.0949C30.8956 14.0181 30.6988 13.9786 30.5 13.9786C30.3012 13.9786 30.1044 14.0181 29.921 14.0949C29.7376 14.1716 29.5713 14.284 29.4318 14.4255C29.2922 14.5671 29.1822 14.735 29.108 14.9194C29.0339 15.1039 28.9972 15.3012 29 15.5V16.5664C27.4195 14.9844 25.3315 14 23 14C17.9421 14 14 18.5953 14 24C14 29.4047 17.9421 34 23 34C25.8724 34 28.3826 32.5167 30.0176 30.2461C31.3195 32.4832 33.7392 34 36.5 34C40.6245 34 44 30.6245 44 26.5V24C44 12.9723 35.0277 4 24 4ZM23 17C26.2141 17 29 20.0307 29 24C29 27.9693 26.2141 31 23 31C19.7859 31 17 27.9693 17 24C17 20.0307 19.7859 17 23 17Z\" fill=\"#146DE5\"\/>\n<\/svg>\n\t\t\t\t\t<\/div>\n\t\t\t\t<\/div>\n\t\t\t<\/div>\n\t\t\t\t<div class=\"icon-box-text last-reset\">\n\t\t\t\t\t\t\t\t\t\n\t<div id=\"text-2996486833\" class=\"text\">\n\t\t\n<h3>Saatke kiri<\/h3>\n\t\t\n<style>\n#text-2996486833 {\n  font-size: 1.1rem;\n}\n<\/style>\n\t<\/div>\n\t\n\t<div id=\"text-3917640212\" class=\"text\">\n\t\t\n<p><a href=\"mailto:info@estaldesign.ee\" target=\"_new\" rel=\"noopener\">info@estaldesign.ee<\/a><\/p>\n\t\t\n<style>\n#text-3917640212 {\n  font-size: 1.2rem;\n}\n<\/style>\n\t<\/div>\n\t\n\t\t<\/div>\n\t<\/div>\n\t\n\t\n\t\t<\/div>\n\t\t\t\t\n<style>\n#col-1038898937 > .col-inner {\n  padding: 32px 32px 24px 32px;\n}\n<\/style>\n\t<\/div>\n\n\t\n\n\t<div id=\"col-36982874\" class=\"col medium-4 small-12 large-4\"  data-animate=\"fadeInRight\">\n\t\t\t\t<div class=\"col-inner\"  >\n\t\t\t\n\t<div class=\"is-border\"\n\t\tstyle=\"border-color:rgba(255, 255, 255, 0.4);border-width:2px 2px 2px 2px;\">\n\t<\/div>\n\t\t\t\n\n\t\t<div class=\"icon-box featured-box icon-box-top text-left\"  >\n\t\t\t\t\t<div class=\"icon-box-img\" style=\"width: 48px\">\n\t\t\t\t<div class=\"icon\">\n\t\t\t\t\t<div class=\"icon-inner\" style=\"color:rgb(255, 255, 255);\">\n\t\t\t\t\t\t<svg width=\"48\" height=\"48\" viewBox=\"0 0 48 48\" fill=\"none\" xmlns=\"http:\/\/www.w3.org\/2000\/svg\">\n<path d=\"M16.5 4C13.4802 4 11 6.48023 11 9.5V38.5C11 41.5198 13.4802 44 16.5 44H31.5C34.5198 44 37 41.5198 37 38.5V9.5C37 6.48023 34.5198 4 31.5 4H29.0508H19H16.5ZM16.5 7H18.0742L18.6582 8.16992C18.7827 8.41926 18.9742 8.629 19.2112 8.77561C19.4482 8.92223 19.7213 8.99993 20 9H28C28.2787 8.99993 28.5518 8.92223 28.7888 8.77561C29.0258 8.629 29.2173 8.41926 29.3418 8.16992L29.9258 7H31.5C32.8982 7 34 8.10177 34 9.5V38.5C34 39.8982 32.8982 41 31.5 41H16.5C15.1018 41 14 39.8982 14 38.5V9.5C14 8.10177 15.1018 7 16.5 7Z\" fill=\"#146DE5\"\/>\n<\/svg>\n\t\t\t\t\t<\/div>\n\t\t\t\t<\/div>\n\t\t\t<\/div>\n\t\t\t\t<div class=\"icon-box-text last-reset\">\n\t\t\t\t\t\t\t\t\t\n\t<div id=\"text-1367525439\" class=\"text\">\n\t\t\n<h3>Helistage meile<\/h3>\n\t\t\n<style>\n#text-1367525439 {\n  font-size: 1.1rem;\n}\n<\/style>\n\t<\/div>\n\t\n\t<div id=\"text-4284237594\" class=\"text\">\n\t\t\n<p><a href=\"tel:3725077367\">+372 507 7367<\/a>, <a href=\"tel:3725568684\">+372 556 84 684<\/a><\/p>\n\t\t\n<style>\n#text-4284237594 {\n  font-size: 1.2rem;\n}\n<\/style>\n\t<\/div>\n\t\n\t\t<\/div>\n\t<\/div>\n\t\n\t\n\t\t<\/div>\n\t\t\t\t\n<style>\n#col-36982874 > .col-inner {\n  padding: 32px 32px 24px 32px;\n}\n<\/style>\n\t<\/div>\n\n\t\n<\/div>\n\t<div id=\"gap-1113205193\" class=\"gap-element clearfix\" style=\"display:block; height:auto;\">\n\t\t\n<style>\n#gap-1113205193 {\n  padding-top: 46px;\n}\n<\/style>\n\t<\/div>\n\t\n\t<div id=\"gap-1150519692\" class=\"gap-element clearfix\" style=\"display:block; height:auto;\">\n\t\t\n<style>\n#gap-1150519692 {\n  padding-top: 2px;\n}\n<\/style>\n\t<\/div>\n\t\n\t\t<\/div>\n\n\t\t\n<style>\n#section_800449769 {\n  padding-top: 0px;\n  padding-bottom: 0px;\n  background-color: #146de5;\n}\n#section_800449769 .section-bg-overlay {\n  background-color: rgba(20, 109, 229, 0.9);\n}\n#section_800449769 .section-bg.bg-loaded {\n  background-image: url(https:\/\/estaldesign.ee\/wp-content\/uploads\/2023\/12\/estal-bg.svg);\n}\n#section_800449769 .section-bg {\n  background-position: 50% 100%;\n}\n<\/style>\n\t<\/section>\n\t\n","protected":false},"excerpt":{"rendered":"","protected":false},"author":2,"featured_media":0,"parent":0,"menu_order":0,"comment_status":"closed","ping_status":"closed","template":"page-transparent-header.php","meta":{"footnotes":""},"class_list":["post-1748","page","type-page","status-publish","hentry"],"_links":{"self":[{"href":"https:\/\/estaldesign.ee\/et\/wp-json\/wp\/v2\/pages\/1748","targetHints":{"allow":["GET"]}}],"collection":[{"href":"https:\/\/estaldesign.ee\/et\/wp-json\/wp\/v2\/pages"}],"about":[{"href":"https:\/\/estaldesign.ee\/et\/wp-json\/wp\/v2\/types\/page"}],"author":[{"embeddable":true,"href":"https:\/\/estaldesign.ee\/et\/wp-json\/wp\/v2\/users\/2"}],"replies":[{"embeddable":true,"href":"https:\/\/estaldesign.ee\/et\/wp-json\/wp\/v2\/comments?post=1748"}],"version-history":[{"count":12,"href":"https:\/\/estaldesign.ee\/et\/wp-json\/wp\/v2\/pages\/1748\/revisions"}],"predecessor-version":[{"id":2175,"href":"https:\/\/estaldesign.ee\/et\/wp-json\/wp\/v2\/pages\/1748\/revisions\/2175"}],"wp:attachment":[{"href":"https:\/\/estaldesign.ee\/et\/wp-json\/wp\/v2\/media?parent=1748"}],"curies":[{"name":"wp","href":"https:\/\/api.w.org\/{rel}","templated":true}]}}