{"id":1751,"date":"2024-02-06T10:34:51","date_gmt":"2024-02-06T08:34:51","guid":{"rendered":"https:\/\/estaldesign.ee\/tarne-ja-tasumine\/"},"modified":"2024-06-14T13:23:46","modified_gmt":"2024-06-14T10:23:46","slug":"tarne-ja-tasumine","status":"publish","type":"page","link":"https:\/\/estaldesign.ee\/et\/tarne-ja-tasumine\/","title":{"rendered":"Tarne ja tasumine"},"content":{"rendered":"\t<section class=\"section\" id=\"section_78415302\">\n\t\t<div class=\"bg section-bg fill bg-fill  bg-loaded\" >\n\n\t\t\t\n\t\t\t\n\t\t\t\n\n\t\t<\/div>\n\n\t\t\n\n\t\t<div class=\"section-content relative\">\n\t\t\t\n<div class=\"row row-large align-middle\"  id=\"row-2069805118\">\n\n\t<div id=\"col-332290666\" class=\"col medium-6 small-12 large-6\"  data-animate=\"fadeInLeft\">\n\t\t\t\t<div class=\"col-inner\"  >\n\t\t\t\n\t\t\t\n\t<div id=\"gap-126395906\" class=\"gap-element clearfix\" style=\"display:block; height:auto;\">\n\t\t\n<style>\n#gap-126395906 {\n  padding-top: 80px;\n}\n<\/style>\n\t<\/div>\n\t\n\t<div id=\"text-2413364379\" class=\"text\">\n\t\t\n<h2>Tarne ja tasumine<\/h2>\n\t\t\n<style>\n#text-2413364379 {\n  font-size: 1.89rem;\n}\n<\/style>\n\t<\/div>\n\t\n\t<div id=\"gap-1520367557\" class=\"gap-element clearfix\" style=\"display:block; height:auto;\">\n\t\t\n<style>\n#gap-1520367557 {\n  padding-top: 12px;\n}\n<\/style>\n\t<\/div>\n\t\n\t<div id=\"text-1955486768\" class=\"text\">\n\t\t\n<p>P\u00fc\u00fcame tagada teie tellimuse kohaletoimetamise ning selle eest maksmise mugavuse ja lihtsuse. Altpoolt leiate \u00fcksikasjad meie tarneteenuste ja maksev\u00f5imaluste kohta.<\/p>\n\t\t\n<style>\n#text-1955486768 {\n  font-size: 1.1rem;\n}\n<\/style>\n\t<\/div>\n\t\n\t<div id=\"gap-594766172\" class=\"gap-element clearfix\" style=\"display:block; height:auto;\">\n\t\t\n<style>\n#gap-594766172 {\n  padding-top: 16px;\n}\n<\/style>\n\t<\/div>\n\t\n<a href=\"https:\/\/estaldesign.ee\/stone\/\" class=\"button primary is-large lowercase\"  >\n    <span>Kaupade kataloog<\/span>\n  <\/a>\n\n\t\t<\/div>\n\t\t\t\t\t<\/div>\n\n\t\n\n\t<div id=\"col-1250925837\" class=\"col medium-6 small-12 large-6\"  data-animate=\"fadeInRight\">\n\t\t\t\t<div class=\"col-inner\"  >\n\t\t\t\n\t\t\t\n\t<div class=\"img has-hover x md-x lg-x y md-y lg-y\" id=\"image_1430471741\">\n\t\t\t\t\t\t\t\t<div class=\"img-inner dark\" style=\"margin:0px 0px -31px 0px;\">\n\t\t\t<img loading=\"lazy\" decoding=\"async\" width=\"1200\" height=\"1320\" src=\"https:\/\/estaldesign.ee\/wp-content\/uploads\/2024\/02\/dostavka-i-oplata.png\" class=\"attachment-original size-original\" alt=\"\" srcset=\"https:\/\/estaldesign.ee\/wp-content\/uploads\/2024\/02\/dostavka-i-oplata.png 1200w, https:\/\/estaldesign.ee\/wp-content\/uploads\/2024\/02\/dostavka-i-oplata-273x300.png 273w, https:\/\/estaldesign.ee\/wp-content\/uploads\/2024\/02\/dostavka-i-oplata-931x1024.png 931w, https:\/\/estaldesign.ee\/wp-content\/uploads\/2024\/02\/dostavka-i-oplata-768x845.png 768w, https:\/\/estaldesign.ee\/wp-content\/uploads\/2024\/02\/dostavka-i-oplata-510x561.png 510w\" sizes=\"auto, (max-width: 1200px) 100vw, 1200px\" \/>\t\t\t\t\t\t\n\t\t\t\t\t<\/div>\n\t\t\t\t\t\t\t\t\n<style>\n#image_1430471741 {\n  width: 100%;\n}\n<\/style>\n\t<\/div>\n\t\n\t\t<\/div>\n\t\t\t\t\t<\/div>\n\n\t\n<\/div>\n\t\t<\/div>\n\n\t\t\n<style>\n#section_78415302 {\n  padding-top: 0px;\n  padding-bottom: 0px;\n}\n<\/style>\n\t<\/section>\n\t\n\t<section class=\"section\" id=\"section_621324374\">\n\t\t<div class=\"bg section-bg fill bg-fill  bg-loaded\" >\n\n\t\t\t\n\t\t\t\n\t\t\t\n\n\t\t<\/div>\n\n\t\t\n\n\t\t<div class=\"section-content relative\">\n\t\t\t\n\t<div id=\"gap-742878236\" class=\"gap-element clearfix\" style=\"display:block; height:auto;\">\n\t\t\n<style>\n#gap-742878236 {\n  padding-top: 70px;\n}\n<\/style>\n\t<\/div>\n\t\n<div class=\"row align-center\"  id=\"row-2004448001\">\n\n\t<div id=\"col-35818421\" class=\"col medium-11 small-12 large-11\"  data-animate=\"fadeInUp\">\n\t\t\t\t<div class=\"col-inner text-center\"  >\n\t\t\t\n\t\t\t\n\t<div id=\"text-3312837379\" class=\"text\">\n\t\t\n<h2>Tarne<\/h2>\n\t\t\n<style>\n#text-3312837379 {\n  font-size: 1.6rem;\n  text-align: center;\n}\n<\/style>\n\t<\/div>\n\t\n\t<div id=\"gap-743422733\" class=\"gap-element clearfix\" style=\"display:block; height:auto;\">\n\t\t\n<style>\n#gap-743422733 {\n  padding-top: 20px;\n}\n<\/style>\n\t<\/div>\n\t\n\t\t<\/div>\n\t\t\t\t\t<\/div>\n\n\t\n<\/div>\n<div class=\"row row-large align-middle\"  id=\"row-745050201\">\n\n\t<div id=\"col-751460276\" class=\"col medium-6 small-12 large-6\"  data-animate=\"fadeInLeft\">\n\t\t\t\t<div class=\"col-inner\"  >\n\t\t\t\n\t\t\t\n<h2>Pakume j\u00e4rgmisi tarnev\u00f5imalusi<\/h2>\n\t<div id=\"gap-1991263915\" class=\"gap-element clearfix\" style=\"display:block; height:auto;\">\n\t\t\n<style>\n#gap-1991263915 {\n  padding-top: 28px;\n}\n<\/style>\n\t<\/div>\n\t\n\n\t\t<div class=\"icon-box featured-box icon-box-left text-left\"  style=\"margin:0px 0px 28px 0px;\">\n\t\t\t\t\t<div class=\"icon-box-img\" style=\"width: 40px\">\n\t\t\t\t<div class=\"icon\">\n\t\t\t\t\t<div class=\"icon-inner\" >\n\t\t\t\t\t\t<img loading=\"lazy\" decoding=\"async\" width=\"1\" height=\"1\" src=\"https:\/\/estaldesign.ee\/wp-content\/uploads\/2024\/02\/Armchair.svg\" class=\"attachment-medium size-medium\" alt=\"\" \/>\t\t\t\t\t<\/div>\n\t\t\t\t<\/div>\n\t\t\t<\/div>\n\t\t\t\t<div class=\"icon-box-text last-reset\">\n\t\t\t\t\t\t\t\t\t\n<h3>Kohaletoimetamine kulleriga<\/h3>\n<p>Meie usaldusv\u00e4\u00e4rsed kullerid toimetavad teie tellimuse otse teie uksel\u00e4vele. H\u00f5lmame suurt maa-ala ja p\u00fc\u00fcame teha kohaletoimetamise teie jaoks v\u00f5imalikult kiireks ja mugavaks.<\/p>\n\t\t<\/div>\n\t<\/div>\n\t\n\t\n\n\t\t<div class=\"icon-box featured-box icon-box-left text-left\"  style=\"margin:0px 0px 28px 0px;\">\n\t\t\t\t\t<div class=\"icon-box-img\" style=\"width: 40px\">\n\t\t\t\t<div class=\"icon\">\n\t\t\t\t\t<div class=\"icon-inner\" >\n\t\t\t\t\t\t<img loading=\"lazy\" decoding=\"async\" width=\"1\" height=\"1\" src=\"https:\/\/estaldesign.ee\/wp-content\/uploads\/2024\/02\/5-Star-Hotel.svg\" class=\"attachment-medium size-medium\" alt=\"\" \/>\t\t\t\t\t<\/div>\n\t\t\t\t<\/div>\n\t\t\t<\/div>\n\t\t\t\t<div class=\"icon-box-text last-reset\">\n\t\t\t\t\t\t\t\t\t\n<h3>Ise j\u00e4rele tulek<\/h3>\n<p>Kui teil on mugavam tellimusele ise j\u00e4rele tulla, saate valida selle v\u00f5imaluse. Edastame teile meie v\u00e4ljastuspunkti t\u00e4pse aadressi ja t\u00f6\u00f6ajad.<\/p>\n\t\t<\/div>\n\t<\/div>\n\t\n\t\n\n\t\t<div class=\"icon-box featured-box icon-box-left text-left\"  style=\"margin:16px 0px 0px 0px;\">\n\t\t\t\t\t<div class=\"icon-box-img\" style=\"width: 40px\">\n\t\t\t\t<div class=\"icon\">\n\t\t\t\t\t<div class=\"icon-inner\" >\n\t\t\t\t\t\t<img loading=\"lazy\" decoding=\"async\" width=\"1\" height=\"1\" src=\"https:\/\/estaldesign.ee\/wp-content\/uploads\/2024\/02\/Receive-Cash.svg\" class=\"attachment-medium size-medium\" alt=\"\" \/>\t\t\t\t\t<\/div>\n\t\t\t\t<\/div>\n\t\t\t<\/div>\n\t\t\t\t<div class=\"icon-box-text last-reset\">\n\t\t\t\t\t\t\t\t\t\n<h3>Rahvusvaheline tarne<\/h3>\n<p>Tarnime ka v\u00e4ljapoole Eestit. V\u00f5tke meiega \u00fchendust ja me anname teile p\u00f5hjaliku \u00fclevaate hinna ja tarneaegade kohta teie riiki.<\/p>\n\t\t<\/div>\n\t<\/div>\n\t\n\t\n\t\t<\/div>\n\t\t\t\t\t<\/div>\n\n\t\n\n\t<div id=\"col-60879162\" class=\"col medium-6 small-12 large-6\"  data-animate=\"fadeInRight\">\n\t\t\t\t<div class=\"col-inner\"  >\n\t\t\t\n\t\t\t\n\t<div class=\"img has-hover x md-x lg-x y md-y lg-y\" id=\"image_1823067743\">\n\t\t\t\t\t\t\t\t<div class=\"img-inner dark\" >\n\t\t\t<img loading=\"lazy\" decoding=\"async\" width=\"1069\" height=\"1134\" src=\"https:\/\/estaldesign.ee\/wp-content\/uploads\/2024\/02\/Group-6-1.png\" class=\"attachment-original size-original\" alt=\"\" srcset=\"https:\/\/estaldesign.ee\/wp-content\/uploads\/2024\/02\/Group-6-1.png 1069w, https:\/\/estaldesign.ee\/wp-content\/uploads\/2024\/02\/Group-6-1-283x300.png 283w, https:\/\/estaldesign.ee\/wp-content\/uploads\/2024\/02\/Group-6-1-965x1024.png 965w, https:\/\/estaldesign.ee\/wp-content\/uploads\/2024\/02\/Group-6-1-768x815.png 768w, https:\/\/estaldesign.ee\/wp-content\/uploads\/2024\/02\/Group-6-1-510x541.png 510w\" sizes=\"auto, (max-width: 1069px) 100vw, 1069px\" \/>\t\t\t\t\t\t\n\t\t\t\t\t<\/div>\n\t\t\t\t\t\t\t\t\n<style>\n#image_1823067743 {\n  width: 100%;\n}\n<\/style>\n\t<\/div>\n\t\n\t\t<\/div>\n\t\t\t\t\t<\/div>\n\n\t\n<\/div>\n\t<div id=\"gap-1278041482\" class=\"gap-element clearfix\" style=\"display:block; height:auto;\">\n\t\t\n<style>\n#gap-1278041482 {\n  padding-top: 50px;\n}\n<\/style>\n\t<\/div>\n\t\n\t\t<\/div>\n\n\t\t\n<style>\n#section_621324374 {\n  padding-top: 0px;\n  padding-bottom: 0px;\n  background-color: rgb(240, 246, 254);\n}\n<\/style>\n\t<\/section>\n\t\n\t<section class=\"section\" id=\"section_2040639563\">\n\t\t<div class=\"bg section-bg fill bg-fill  bg-loaded\" >\n\n\t\t\t\n\t\t\t\n\t\t\t\n\n\t\t<\/div>\n\n\t\t\n\n\t\t<div class=\"section-content relative\">\n\t\t\t\n\t<div id=\"gap-779374355\" class=\"gap-element clearfix\" style=\"display:block; height:auto;\">\n\t\t\n<style>\n#gap-779374355 {\n  padding-top: 70px;\n}\n<\/style>\n\t<\/div>\n\t\n<div class=\"row align-center\"  id=\"row-327375497\">\n\n\t<div id=\"col-1795766428\" class=\"col medium-11 small-12 large-11\"  data-animate=\"fadeInUp\">\n\t\t\t\t<div class=\"col-inner text-center\"  >\n\t\t\t\n\t\t\t\n\t<div id=\"text-428440853\" class=\"text\">\n\t\t\n<h2>Maksmine<\/h2>\n\t\t\n<style>\n#text-428440853 {\n  font-size: 1.6rem;\n  text-align: center;\n}\n<\/style>\n\t<\/div>\n\t\n\t<div id=\"gap-1587012127\" class=\"gap-element clearfix\" style=\"display:block; height:auto;\">\n\t\t\n<style>\n#gap-1587012127 {\n  padding-top: 20px;\n}\n<\/style>\n\t<\/div>\n\t\n\t\t<\/div>\n\t\t\t\t\t<\/div>\n\n\t\n<\/div>\n<div class=\"row row-large align-middle\"  id=\"row-1318099391\">\n\n\t<div id=\"col-1989207327\" class=\"col medium-6 small-12 large-6\"  data-animate=\"fadeInLeft\">\n\t\t\t\t<div class=\"col-inner\"  >\n\t\t\t\n\t\t\t\n\t<div class=\"img has-hover x md-x lg-x y md-y lg-y\" id=\"image_1693012713\">\n\t\t\t\t\t\t\t\t<div class=\"img-inner dark\" >\n\t\t\t<img loading=\"lazy\" decoding=\"async\" width=\"1069\" height=\"1134\" src=\"https:\/\/estaldesign.ee\/wp-content\/uploads\/2024\/02\/Group-7-1.png\" class=\"attachment-original size-original\" alt=\"\" srcset=\"https:\/\/estaldesign.ee\/wp-content\/uploads\/2024\/02\/Group-7-1.png 1069w, https:\/\/estaldesign.ee\/wp-content\/uploads\/2024\/02\/Group-7-1-283x300.png 283w, https:\/\/estaldesign.ee\/wp-content\/uploads\/2024\/02\/Group-7-1-965x1024.png 965w, https:\/\/estaldesign.ee\/wp-content\/uploads\/2024\/02\/Group-7-1-768x815.png 768w, https:\/\/estaldesign.ee\/wp-content\/uploads\/2024\/02\/Group-7-1-510x541.png 510w\" sizes=\"auto, (max-width: 1069px) 100vw, 1069px\" \/>\t\t\t\t\t\t\n\t\t\t\t\t<\/div>\n\t\t\t\t\t\t\t\t\n<style>\n#image_1693012713 {\n  width: 100%;\n}\n<\/style>\n\t<\/div>\n\t\n\t\t<\/div>\n\t\t\t\t\t<\/div>\n\n\t\n\n\t<div id=\"col-504238805\" class=\"col medium-6 small-12 large-6\"  data-animate=\"fadeInRight\">\n\t\t\t\t<div class=\"col-inner\"  >\n\t\t\t\n\t\t\t\n<h2>Pakume j\u00e4rgmisi makseviise<\/h2>\n\t<div id=\"gap-792814222\" class=\"gap-element clearfix\" style=\"display:block; height:auto;\">\n\t\t\n<style>\n#gap-792814222 {\n  padding-top: 28px;\n}\n<\/style>\n\t<\/div>\n\t\n\n\t\t<div class=\"icon-box featured-box icon-box-left text-left\"  style=\"margin:0px 0px 28px 0px;\">\n\t\t\t\t\t<div class=\"icon-box-img\" style=\"width: 40px\">\n\t\t\t\t<div class=\"icon\">\n\t\t\t\t\t<div class=\"icon-inner\" >\n\t\t\t\t\t\t<img loading=\"lazy\" decoding=\"async\" width=\"1\" height=\"1\" src=\"https:\/\/estaldesign.ee\/wp-content\/uploads\/2024\/02\/Armchair.svg\" class=\"attachment-medium size-medium\" alt=\"\" \/>\t\t\t\t\t<\/div>\n\t\t\t\t<\/div>\n\t\t\t<\/div>\n\t\t\t\t<div class=\"icon-box-text last-reset\">\n\t\t\t\t\t\t\t\t\t\n<h3>Kontoris sularahas<\/h3>\n<p>Tellimuse eest saate maksta sularahas otse meie kontoris. Omalt poolt kostitame teid maitsva kohviga.<\/p>\n\t\t<\/div>\n\t<\/div>\n\t\n\t\n\n\t\t<div class=\"icon-box featured-box icon-box-left text-left\"  style=\"margin:0px 0px 28px 0px;\">\n\t\t\t\t\t<div class=\"icon-box-img\" style=\"width: 40px\">\n\t\t\t\t<div class=\"icon\">\n\t\t\t\t\t<div class=\"icon-inner\" >\n\t\t\t\t\t\t<img loading=\"lazy\" decoding=\"async\" width=\"1\" height=\"1\" src=\"https:\/\/estaldesign.ee\/wp-content\/uploads\/2024\/02\/5-Star-Hotel.svg\" class=\"attachment-medium size-medium\" alt=\"\" \/>\t\t\t\t\t<\/div>\n\t\t\t\t<\/div>\n\t\t\t<\/div>\n\t\t\t\t<div class=\"icon-box-text last-reset\">\n\t\t\t\t\t\t\t\t\t\n<h3>J\u00e4relmaks<\/h3>\n<p>T\u00e4nu meie finantspartneritele on teil suurep\u00e4rane v\u00f5imalus tasuda oma tellimuse eest j\u00e4relmaksuga. Tingimused arutame iga kliendiga l\u00e4bi individuaalselt.<\/p>\n\t\t<\/div>\n\t<\/div>\n\t\n\t\n\n\t\t<div class=\"icon-box featured-box icon-box-left text-left\"  style=\"margin:16px 0px 0px 0px;\">\n\t\t\t\t\t<div class=\"icon-box-img\" style=\"width: 40px\">\n\t\t\t\t<div class=\"icon\">\n\t\t\t\t\t<div class=\"icon-inner\" >\n\t\t\t\t\t\t<img loading=\"lazy\" decoding=\"async\" width=\"1\" height=\"1\" src=\"https:\/\/estaldesign.ee\/wp-content\/uploads\/2024\/02\/Receive-Cash.svg\" class=\"attachment-medium size-medium\" alt=\"\" \/>\t\t\t\t\t<\/div>\n\t\t\t\t<\/div>\n\t\t\t<\/div>\n\t\t\t\t<div class=\"icon-box-text last-reset\">\n\t\t\t\t\t\t\t\t\t\n<h3>Panga\u00fclekanne<\/h3>\n<p>Tellimuse eest saate tasuda panga\u00fclekandega. Rekvisiidid ning arve \u00fclekande tegemiseks edastame teile p\u00e4rast tellimuse vormistamist.<\/p>\n\t\t<\/div>\n\t<\/div>\n\t\n\t\n\t\t<\/div>\n\t\t\t\t\t<\/div>\n\n\t\n<\/div>\n\t<div id=\"gap-408334806\" class=\"gap-element clearfix\" style=\"display:block; height:auto;\">\n\t\t\n<style>\n#gap-408334806 {\n  padding-top: 50px;\n}\n<\/style>\n\t<\/div>\n\t\n\t\t<\/div>\n\n\t\t\n<style>\n#section_2040639563 {\n  padding-top: 0px;\n  padding-bottom: 0px;\n}\n<\/style>\n\t<\/section>\n\t\n\t<section class=\"section dark\" id=\"section_861740613\">\n\t\t<div class=\"bg section-bg fill bg-fill  \" >\n\n\t\t\t\n\t\t\t<div class=\"section-bg-overlay absolute fill\"><\/div>\n\t\t\t\n\n\t\t<\/div>\n\n\t\t\n\n\t\t<div class=\"section-content relative\">\n\t\t\t\n\t<div id=\"gap-1159539211\" class=\"gap-element clearfix\" style=\"display:block; height:auto;\">\n\t\t\n<style>\n#gap-1159539211 {\n  padding-top: 67px;\n}\n<\/style>\n\t<\/div>\n\t\n<div class=\"row row-large align-center\"  id=\"row-250406953\">\n\n\t<div id=\"col-625648337\" class=\"col medium-6 small-12 large-6\"  data-animate=\"fadeInUp\">\n\t\t\t\t<div class=\"col-inner text-center\"  >\n\t\t\t\n\t\t\t\n\t<div id=\"text-3011545612\" class=\"text\">\n\t\t\n<h2>Hakkame teie projektiga t\u00f6\u00f6le koos!<\/h2>\n\t\t\n<style>\n#text-3011545612 {\n  font-size: 1.4rem;\n}\n<\/style>\n\t<\/div>\n\t\n\t<div id=\"text-3336874776\" class=\"text\">\n\t\t\n<p>Uurige, mida suutsid kliendid meiega koost\u00f6\u00f6s saavutada<br \/>\n\t\t\n<style>\n#text-3336874776 {\n  font-size: 1.2rem;\n}\n<\/style>\n\t<\/div>\n\t\n\t\t<\/div>\n\t\t\t\t\t<\/div>\n\n\t\n<\/div>\n\n<div class=\"row row-large align-middle align-center\"  id=\"row-1978412687\">\n\n\t<div id=\"col-529354051\" class=\"col medium-4 small-12 large-4\"  data-animate=\"fadeInLeft\">\n\t\t\t\t<div class=\"col-inner\"  >\n\t\t\t\n\t<div class=\"is-border\"\n\t\tstyle=\"border-color:rgba(255, 255, 255, 0.4);border-width:2px 2px 2px 2px;\">\n\t<\/div>\n\t\t\t\n\n\t\t<div class=\"icon-box featured-box icon-box-top text-left\"  >\n\t\t\t\t\t<div class=\"icon-box-img\" style=\"width: 48px\">\n\t\t\t\t<div class=\"icon\">\n\t\t\t\t\t<div class=\"icon-inner\" style=\"color:rgb(255, 255, 255);\">\n\t\t\t\t\t\t<svg width=\"48\" height=\"48\" viewBox=\"0 0 48 48\" fill=\"none\" xmlns=\"http:\/\/www.w3.org\/2000\/svg\">\n<path d=\"M24 4C12.9723 4 4 12.9723 4 24C4 35.0277 12.9723 44 24 44C26.4685 44 28.84 43.5515 31.0273 42.7305C31.214 42.6629 31.3853 42.5589 31.5315 42.4246C31.6776 42.2903 31.7956 42.1284 31.8788 41.9481C31.9619 41.7679 32.0084 41.5729 32.0156 41.3746C32.0228 41.1762 31.9906 40.9784 31.9208 40.7926C31.8511 40.6068 31.7451 40.4367 31.6091 40.2921C31.4731 40.1476 31.3098 40.0314 31.1286 39.9504C30.9474 39.8694 30.7519 39.8252 30.5535 39.8203C30.3551 39.8154 30.1576 39.8499 29.9727 39.9219C28.116 40.6188 26.1055 41 24 41C14.5937 41 7 33.4063 7 24C7 14.5937 14.5937 7 24 7C33.4063 7 41 14.5937 41 24V26.5C41 29.0035 39.0035 31 36.5 31C33.9965 31 32 29.0035 32 26.5V24V15.5C32.0028 15.3012 31.9661 15.1039 31.892 14.9194C31.8178 14.735 31.7078 14.5671 31.5682 14.4255C31.4287 14.284 31.2624 14.1716 31.079 14.0949C30.8956 14.0181 30.6988 13.9786 30.5 13.9786C30.3012 13.9786 30.1044 14.0181 29.921 14.0949C29.7376 14.1716 29.5713 14.284 29.4318 14.4255C29.2922 14.5671 29.1822 14.735 29.108 14.9194C29.0339 15.1039 28.9972 15.3012 29 15.5V16.5664C27.4195 14.9844 25.3315 14 23 14C17.9421 14 14 18.5953 14 24C14 29.4047 17.9421 34 23 34C25.8724 34 28.3826 32.5167 30.0176 30.2461C31.3195 32.4832 33.7392 34 36.5 34C40.6245 34 44 30.6245 44 26.5V24C44 12.9723 35.0277 4 24 4ZM23 17C26.2141 17 29 20.0307 29 24C29 27.9693 26.2141 31 23 31C19.7859 31 17 27.9693 17 24C17 20.0307 19.7859 17 23 17Z\" fill=\"#146DE5\"\/>\n<\/svg>\n\t\t\t\t\t<\/div>\n\t\t\t\t<\/div>\n\t\t\t<\/div>\n\t\t\t\t<div class=\"icon-box-text last-reset\">\n\t\t\t\t\t\t\t\t\t\n\t<div id=\"text-2304280692\" class=\"text\">\n\t\t\n<h3>Saatke kiri<\/h3>\n\t\t\n<style>\n#text-2304280692 {\n  font-size: 1.1rem;\n}\n<\/style>\n\t<\/div>\n\t\n\t<div id=\"text-2648555171\" class=\"text\">\n\t\t\n<p><a href=\"mailto:info@estaldesign.ee\" target=\"_new\" rel=\"noopener\">info@estaldesign.ee<\/a><\/p>\n\t\t\n<style>\n#text-2648555171 {\n  font-size: 1.2rem;\n}\n<\/style>\n\t<\/div>\n\t\n\t\t<\/div>\n\t<\/div>\n\t\n\t\n\t\t<\/div>\n\t\t\t\t\n<style>\n#col-529354051 > .col-inner {\n  padding: 32px 32px 24px 32px;\n}\n<\/style>\n\t<\/div>\n\n\t\n\n\t<div id=\"col-1192655087\" class=\"col medium-4 small-12 large-4\"  data-animate=\"fadeInRight\">\n\t\t\t\t<div class=\"col-inner\"  >\n\t\t\t\n\t<div class=\"is-border\"\n\t\tstyle=\"border-color:rgba(255, 255, 255, 0.4);border-width:2px 2px 2px 2px;\">\n\t<\/div>\n\t\t\t\n\n\t\t<div class=\"icon-box featured-box icon-box-top text-left\"  >\n\t\t\t\t\t<div class=\"icon-box-img\" style=\"width: 48px\">\n\t\t\t\t<div class=\"icon\">\n\t\t\t\t\t<div class=\"icon-inner\" style=\"color:rgb(255, 255, 255);\">\n\t\t\t\t\t\t<svg width=\"48\" height=\"48\" viewBox=\"0 0 48 48\" fill=\"none\" xmlns=\"http:\/\/www.w3.org\/2000\/svg\">\n<path d=\"M16.5 4C13.4802 4 11 6.48023 11 9.5V38.5C11 41.5198 13.4802 44 16.5 44H31.5C34.5198 44 37 41.5198 37 38.5V9.5C37 6.48023 34.5198 4 31.5 4H29.0508H19H16.5ZM16.5 7H18.0742L18.6582 8.16992C18.7827 8.41926 18.9742 8.629 19.2112 8.77561C19.4482 8.92223 19.7213 8.99993 20 9H28C28.2787 8.99993 28.5518 8.92223 28.7888 8.77561C29.0258 8.629 29.2173 8.41926 29.3418 8.16992L29.9258 7H31.5C32.8982 7 34 8.10177 34 9.5V38.5C34 39.8982 32.8982 41 31.5 41H16.5C15.1018 41 14 39.8982 14 38.5V9.5C14 8.10177 15.1018 7 16.5 7Z\" fill=\"#146DE5\"\/>\n<\/svg>\n\t\t\t\t\t<\/div>\n\t\t\t\t<\/div>\n\t\t\t<\/div>\n\t\t\t\t<div class=\"icon-box-text last-reset\">\n\t\t\t\t\t\t\t\t\t\n\t<div id=\"text-1745194541\" class=\"text\">\n\t\t\n<h3>Helistage meile<\/h3>\n\t\t\n<style>\n#text-1745194541 {\n  font-size: 1.1rem;\n}\n<\/style>\n\t<\/div>\n\t\n\t<div id=\"text-177889150\" class=\"text\">\n\t\t\n<p><a href=\"tel:3725077367\">+372 507 7367<\/a>, <a href=\"tel:3725568684\">+372 556 84 684<\/a><\/p>\n\t\t\n<style>\n#text-177889150 {\n  font-size: 1.2rem;\n}\n<\/style>\n\t<\/div>\n\t\n\t\t<\/div>\n\t<\/div>\n\t\n\t\n\t\t<\/div>\n\t\t\t\t\n<style>\n#col-1192655087 > .col-inner {\n  padding: 32px 32px 24px 32px;\n}\n<\/style>\n\t<\/div>\n\n\t\n<\/div>\n\t<div id=\"gap-2054746326\" class=\"gap-element clearfix\" style=\"display:block; height:auto;\">\n\t\t\n<style>\n#gap-2054746326 {\n  padding-top: 46px;\n}\n<\/style>\n\t<\/div>\n\t\n\t<div id=\"gap-728751628\" class=\"gap-element clearfix\" style=\"display:block; height:auto;\">\n\t\t\n<style>\n#gap-728751628 {\n  padding-top: 2px;\n}\n<\/style>\n\t<\/div>\n\t\n\t\t<\/div>\n\n\t\t\n<style>\n#section_861740613 {\n  padding-top: 0px;\n  padding-bottom: 0px;\n  background-color: #146de5;\n}\n#section_861740613 .section-bg-overlay {\n  background-color: rgba(20, 109, 229, 0.9);\n}\n#section_861740613 .section-bg.bg-loaded {\n  background-image: url(https:\/\/estaldesign.ee\/wp-content\/uploads\/2023\/12\/estal-bg.svg);\n}\n#section_861740613 .section-bg {\n  background-position: 50% 100%;\n}\n<\/style>\n\t<\/section>\n\t\n","protected":false},"excerpt":{"rendered":"","protected":false},"author":2,"featured_media":0,"parent":0,"menu_order":0,"comment_status":"closed","ping_status":"closed","template":"page-transparent-header.php","meta":{"footnotes":""},"class_list":["post-1751","page","type-page","status-publish","hentry"],"_links":{"self":[{"href":"https:\/\/estaldesign.ee\/et\/wp-json\/wp\/v2\/pages\/1751","targetHints":{"allow":["GET"]}}],"collection":[{"href":"https:\/\/estaldesign.ee\/et\/wp-json\/wp\/v2\/pages"}],"about":[{"href":"https:\/\/estaldesign.ee\/et\/wp-json\/wp\/v2\/types\/page"}],"author":[{"embeddable":true,"href":"https:\/\/estaldesign.ee\/et\/wp-json\/wp\/v2\/users\/2"}],"replies":[{"embeddable":true,"href":"https:\/\/estaldesign.ee\/et\/wp-json\/wp\/v2\/comments?post=1751"}],"version-history":[{"count":2,"href":"https:\/\/estaldesign.ee\/et\/wp-json\/wp\/v2\/pages\/1751\/revisions"}],"predecessor-version":[{"id":1753,"href":"https:\/\/estaldesign.ee\/et\/wp-json\/wp\/v2\/pages\/1751\/revisions\/1753"}],"wp:attachment":[{"href":"https:\/\/estaldesign.ee\/et\/wp-json\/wp\/v2\/media?parent=1751"}],"curies":[{"name":"wp","href":"https:\/\/api.w.org\/{rel}","templated":true}]}}